{"id":92,"date":"2017-03-16T19:37:06","date_gmt":"2017-03-16T19:37:06","guid":{"rendered":"http:\/\/cykloarena.cz\/?page_id=92"},"modified":"2017-03-19T18:27:04","modified_gmt":"2017-03-19T18:27:04","slug":"servis","status":"publish","type":"page","link":"http:\/\/cykloarena.cz\/?page_id=92","title":{"rendered":"Servis"},"content":{"rendered":"<p>Prov\u00e1d\u00edme ve\u0161ker\u00fd servis j\u00edzdn\u00edch kol, od drobn\u00fdch a\u017e po gener\u00e1ln\u00ed, v\u010detn\u011b n\u00e1st\u0159iku r\u00e1mu.<\/p>\n<p>M\u016f\u017eeme v\u00e1m nab\u00eddnout stavbu j\u00edzdn\u00edch kol na zak\u00e1zku nebo renovaci star\u00fdch kol.<\/p>\n<p>Zaji\u0161\u0165ujeme tak\u00e9 servis stroj\u016f dod\u00e1van\u00fdch firmou Insportline.<\/p>\n<div id='gallery-1' class='gallery galleryid-92 gallery-columns-3 gallery-size-medium'><figure class='gallery-item'>\n\t\t\t<div class='gallery-icon landscape'>\n\t\t\t\t<a href='http:\/\/cykloarena.cz\/?attachment_id=130'><img loading=\"lazy\" decoding=\"async\" width=\"300\" height=\"169\" src=\"http:\/\/cykloarena.cz\/wp-content\/uploads\/2017\/03\/f3-300x169.jpg\" class=\"attachment-medium size-medium\" alt=\"\" aria-describedby=\"gallery-1-130\" srcset=\"http:\/\/cykloarena.cz\/wp-content\/uploads\/2017\/03\/f3-300x169.jpg 300w, http:\/\/cykloarena.cz\/wp-content\/uploads\/2017\/03\/f3-768x432.jpg 768w, http:\/\/cykloarena.cz\/wp-content\/uploads\/2017\/03\/f3.jpg 800w\" sizes=\"(max-width: 300px) 100vw, 300px\" \/><\/a>\n\t\t\t<\/div>\n\t\t\t\t<figcaption class='wp-caption-text gallery-caption' id='gallery-1-130'>\n\t\t\t\tMaximum z kola\n\t\t\t\t<\/figcaption><\/figure><figure class='gallery-item'>\n\t\t\t<div class='gallery-icon landscape'>\n\t\t\t\t<a href='http:\/\/cykloarena.cz\/?attachment_id=129'><img loading=\"lazy\" decoding=\"async\" width=\"300\" height=\"169\" src=\"http:\/\/cykloarena.cz\/wp-content\/uploads\/2017\/03\/f2-300x169.jpg\" class=\"attachment-medium size-medium\" alt=\"\" aria-describedby=\"gallery-1-129\" srcset=\"http:\/\/cykloarena.cz\/wp-content\/uploads\/2017\/03\/f2-300x169.jpg 300w, http:\/\/cykloarena.cz\/wp-content\/uploads\/2017\/03\/f2-768x432.jpg 768w, http:\/\/cykloarena.cz\/wp-content\/uploads\/2017\/03\/f2.jpg 800w\" sizes=\"(max-width: 300px) 100vw, 300px\" \/><\/a>\n\t\t\t<\/div>\n\t\t\t\t<figcaption class='wp-caption-text gallery-caption' id='gallery-1-129'>\n\t\t\t\tMaximum z kola\n\t\t\t\t<\/figcaption><\/figure><figure class='gallery-item'>\n\t\t\t<div class='gallery-icon landscape'>\n\t\t\t\t<a href='http:\/\/cykloarena.cz\/?attachment_id=128'><img loading=\"lazy\" decoding=\"async\" width=\"300\" height=\"169\" src=\"http:\/\/cykloarena.cz\/wp-content\/uploads\/2017\/03\/f1-300x169.jpg\" class=\"attachment-medium size-medium\" alt=\"\" aria-describedby=\"gallery-1-128\" srcset=\"http:\/\/cykloarena.cz\/wp-content\/uploads\/2017\/03\/f1-300x169.jpg 300w, http:\/\/cykloarena.cz\/wp-content\/uploads\/2017\/03\/f1-768x432.jpg 768w, http:\/\/cykloarena.cz\/wp-content\/uploads\/2017\/03\/f1.jpg 800w\" sizes=\"(max-width: 300px) 100vw, 300px\" \/><\/a>\n\t\t\t<\/div>\n\t\t\t\t<figcaption class='wp-caption-text gallery-caption' id='gallery-1-128'>\n\t\t\t\tMaxbiky v akci\n\t\t\t\t<\/figcaption><\/figure>\n\t\t<\/div>\n\n","protected":false},"excerpt":{"rendered":"<p>Prov\u00e1d\u00edme ve\u0161ker\u00fd servis j\u00edzdn\u00edch kol, od drobn\u00fdch a\u017e po gener\u00e1ln\u00ed, v\u010detn\u011b n\u00e1st\u0159iku r\u00e1mu. M\u016f\u017eeme v\u00e1m nab\u00eddnout stavbu j\u00edzdn\u00edch kol na zak\u00e1zku nebo renovaci star\u00fdch kol. Zaji\u0161\u0165ujeme tak\u00e9 servis stroj\u016f dod\u00e1van\u00fdch firmou Insportline.<\/p>\n","protected":false},"author":1,"featured_media":0,"parent":0,"menu_order":0,"comment_status":"closed","ping_status":"closed","template":"","meta":{"footnotes":""},"_links":{"self":[{"href":"http:\/\/cykloarena.cz\/index.php?rest_route=\/wp\/v2\/pages\/92"}],"collection":[{"href":"http:\/\/cykloarena.cz\/index.php?rest_route=\/wp\/v2\/pages"}],"about":[{"href":"http:\/\/cykloarena.cz\/index.php?rest_route=\/wp\/v2\/types\/page"}],"author":[{"embeddable":true,"href":"http:\/\/cykloarena.cz\/index.php?rest_route=\/wp\/v2\/users\/1"}],"replies":[{"embeddable":true,"href":"http:\/\/cykloarena.cz\/index.php?rest_route=%2Fwp%2Fv2%2Fcomments&post=92"}],"version-history":[{"count":4,"href":"http:\/\/cykloarena.cz\/index.php?rest_route=\/wp\/v2\/pages\/92\/revisions"}],"predecessor-version":[{"id":133,"href":"http:\/\/cykloarena.cz\/index.php?rest_route=\/wp\/v2\/pages\/92\/revisions\/133"}],"wp:attachment":[{"href":"http:\/\/cykloarena.cz\/index.php?rest_route=%2Fwp%2Fv2%2Fmedia&parent=92"}],"curies":[{"name":"wp","href":"https:\/\/api.w.org\/{rel}","templated":true}]}}